{"id":627,"date":"2023-02-28T06:15:28","date_gmt":"2023-02-28T09:15:28","guid":{"rendered":"https:\/\/anepecp.org\/enepecp\/?page_id=627"},"modified":"2023-06-21T15:23:31","modified_gmt":"2023-06-21T18:23:31","slug":"cronograma","status":"publish","type":"page","link":"https:\/\/anepecp.org\/enepecp\/cronograma\/","title":{"rendered":"Cronograma"},"content":{"rendered":"\t\t<div data-elementor-type=\"wp-page\" data-elementor-id=\"627\" class=\"elementor elementor-627\">\n\t\t\t\t\t\t\t<div class=\"elementor-element elementor-element-d4a9cc1 e-con-boxed e-con\" data-id=\"d4a9cc1\" data-element_type=\"container\" data-settings=\"{&quot;content_width&quot;:&quot;boxed&quot;}\">\n\t\t\t\t\t<div class=\"e-con-inner\">\n\t\t<div class=\"elementor-element elementor-element-988fb8b e-con-full e-con\" data-id=\"988fb8b\" data-element_type=\"container\" data-settings=\"{&quot;content_width&quot;:&quot;full&quot;}\">\n\t\t\t\t<div class=\"elementor-element elementor-element-bec7f17 elementor-view-default elementor-widget elementor-widget-icon\" data-id=\"bec7f17\" data-element_type=\"widget\" data-widget_type=\"icon.default\">\n\t\t\t\t<div class=\"elementor-widget-container\">\n\t\t\t\t\t<div class=\"elementor-icon-wrapper\">\n\t\t\t<div class=\"elementor-icon\">\n\t\t\t<i aria-hidden=\"true\" class=\"fas fa-calendar-alt\"><\/i>\t\t\t<\/div>\n\t\t<\/div>\n\t\t\t\t<\/div>\n\t\t\t\t<\/div>\n\t\t\t\t<\/div>\n\t\t<div class=\"elementor-element elementor-element-42f9539 e-con-full e-con\" data-id=\"42f9539\" data-element_type=\"container\" data-settings=\"{&quot;content_width&quot;:&quot;full&quot;}\">\n\t\t\t\t<div class=\"elementor-element elementor-element-3fe2542 elementor-widget elementor-widget-heading\" data-id=\"3fe2542\" data-element_type=\"widget\" data-widget_type=\"heading.default\">\n\t\t\t\t<div class=\"elementor-widget-container\">\n\t\t\t<style>\/*! elementor - v3.10.1 - 17-01-2023 *\/\n.elementor-heading-title{padding:0;margin:0;line-height:1}.elementor-widget-heading .elementor-heading-title[class*=elementor-size-]>a{color:inherit;font-size:inherit;line-height:inherit}.elementor-widget-heading .elementor-heading-title.elementor-size-small{font-size:15px}.elementor-widget-heading .elementor-heading-title.elementor-size-medium{font-size:19px}.elementor-widget-heading .elementor-heading-title.elementor-size-large{font-size:29px}.elementor-widget-heading .elementor-heading-title.elementor-size-xl{font-size:39px}.elementor-widget-heading .elementor-heading-title.elementor-size-xxl{font-size:59px}<\/style><h2 class=\"elementor-heading-title elementor-size-default\">Cronograma<\/h2>\t\t<\/div>\n\t\t\t\t<\/div>\n\t\t\t\t<\/div>\n\t\t\t\t\t<\/div>\n\t\t\t\t<\/div>\n\t\t<div class=\"elementor-element elementor-element-6206515 e-con-boxed e-con\" data-id=\"6206515\" data-element_type=\"container\" data-settings=\"{&quot;content_width&quot;:&quot;boxed&quot;}\">\n\t\t\t\t\t<div class=\"e-con-inner\">\n\t\t\t\t<div class=\"elementor-element elementor-element-09bb2a7 elementor-widget elementor-widget-text-editor\" data-id=\"09bb2a7\" data-element_type=\"widget\" data-widget_type=\"text-editor.default\">\n\t\t\t\t<div class=\"elementor-widget-container\">\n\t\t\t<style>\/*! elementor - v3.10.1 - 17-01-2023 *\/\n.elementor-widget-text-editor.elementor-drop-cap-view-stacked .elementor-drop-cap{background-color:#818a91;color:#fff}.elementor-widget-text-editor.elementor-drop-cap-view-framed .elementor-drop-cap{color:#818a91;border:3px solid;background-color:transparent}.elementor-widget-text-editor:not(.elementor-drop-cap-view-default) .elementor-drop-cap{margin-top:8px}.elementor-widget-text-editor:not(.elementor-drop-cap-view-default) .elementor-drop-cap-letter{width:1em;height:1em}.elementor-widget-text-editor .elementor-drop-cap{float:left;text-align:center;line-height:1;font-size:50px}.elementor-widget-text-editor .elementor-drop-cap-letter{display:inline-block}<\/style>\t\t\t\t<table width=\"694\">\n<tbody>\n<tr>\n<td width=\"583\">\n<p><strong>Item<\/strong><\/p>\n<\/td>\n<td width=\"111\">\n<p><strong>Data<\/strong><\/p>\n<\/td>\n<\/tr>\n<tr>\n<td width=\"583\">\n<p>In\u00edcio da submiss\u00e3o de propostas de Sess\u00f5es Tem\u00e1ticas (ST)<\/p>\n<\/td>\n<td width=\"111\">\n<p>01\/03\/2023<\/p>\n<\/td>\n<\/tr>\n<tr>\n<td width=\"583\">\n<p>In\u00edcio do envio de propostas de MR<\/p>\n<\/td>\n<td width=\"111\">\n<p>01\/03\/2023<\/p>\n<\/td>\n<\/tr>\n<tr>\n<td width=\"583\">\n<p>In\u00edcio das inscri\u00e7\u00f5es Lote 1<\/p>\n<\/td>\n<td width=\"111\">\n<p>01\/03\/2023<\/p>\n<\/td>\n<\/tr>\n<tr>\n<td width=\"583\">\n<p>Fim do envio de propostas de Sess\u00f5es Tem\u00e1ticas (ST)<\/p>\n<\/td>\n<td width=\"111\">\n<p>17\/03\/2023<\/p>\n<\/td>\n<\/tr>\n<tr>\n<td width=\"583\">\n<p>Divulga\u00e7\u00e3o das ST aprovadas<\/p>\n<\/td>\n<td width=\"111\">\n<p>24\/03\/2023<\/p>\n<\/td>\n<\/tr>\n<tr>\n<td width=\"583\">\n<p>In\u00edcio da submiss\u00e3o de resumos para as ST<\/p>\n<\/td>\n<td width=\"111\">\n<p>28\/03\/2023<\/p>\n<\/td>\n<\/tr>\n<tr>\n<td width=\"583\">\n<p>In\u00edcio da inscri\u00e7\u00e3o para o Pr\u00eamio Augusto Tavares<\/p>\n<\/td>\n<td width=\"111\">\n<p>19\/06\/2023<\/p>\n<\/td>\n<\/tr>\n<tr>\n<td width=\"583\">\n<p>In\u00edcio da submiss\u00e3o dos trabalhos para a III DTEI-CP<\/p>\n<\/td>\n<td width=\"111\">\n<p>11\/06\/2023<\/p>\n<\/td>\n<\/tr>\n<tr>\n<td width=\"583\">\n<p>Fim da submiss\u00e3o de resumos para as ST<\/p>\n<\/td>\n<td width=\"111\">\n<p>11\/06\/2023<\/p>\n<\/td>\n<\/tr>\n<tr>\n<td width=\"583\">\n<p>Fim da submiss\u00e3o dos trabalhos para a III DTEI-CP<\/p>\n<\/td>\n<td width=\"111\">\n<p>11\/06\/2023<\/p>\n<\/td>\n<\/tr>\n<tr>\n<td width=\"583\">\n<p>In\u00edcio da avalia\u00e7\u00e3o dos resumos submetidos \u00e0s ST<\/p>\n<\/td>\n<td width=\"111\">\n<p>01\/06\/2023<\/p>\n<\/td>\n<\/tr>\n<tr>\n<td width=\"583\">\n<p>In\u00edcio da avalia\u00e7\u00e3o dos trabalhos para a III DTEI-CP<\/p>\n<\/td>\n<td width=\"111\">\n<p>01\/06\/2023<\/p>\n<\/td>\n<\/tr>\n<tr>\n<td width=\"583\">\n<p>Fim das inscri\u00e7\u00f5es Lote 1<\/p>\n<\/td>\n<td width=\"111\">\n<p>05\/07\/2023<\/p>\n<\/td>\n<\/tr>\n<tr>\n<td width=\"583\">\n<p>In\u00edcio das inscri\u00e7\u00f5es Lote 2<\/p>\n<\/td>\n<td width=\"111\">\n<p>06\/07\/2023<\/p>\n<\/td>\n<\/tr>\n<tr>\n<td width=\"583\">\n<p>Fim da avalia\u00e7\u00e3o dos resumos submetidos \u00e0s ST<\/p>\n<\/td>\n<td width=\"111\">\n<p>16\/06\/2023<\/p>\n<\/td>\n<\/tr>\n<tr>\n<td width=\"583\">\n<p>Fim da avalia\u00e7\u00e3o dos trabalhos para a III DTEI-CP<\/p>\n<\/td>\n<td width=\"111\">\n<p>25\/06\/2023<\/p>\n<\/td>\n<\/tr>\n<tr>\n<td width=\"583\">\n<p>Divulga\u00e7\u00e3o dos resumos aceitos nas ST<\/p>\n<\/td>\n<td width=\"111\">\n<p>30\/06\/2023<\/p>\n<\/td>\n<\/tr>\n<tr>\n<td width=\"583\">\n<p>Divulga\u00e7\u00e3o dos trabalhos aprovados para III DTEI-CP<\/p>\n<\/td>\n<td width=\"111\">\n<p>30\/06\/2023<\/p>\n<\/td>\n<\/tr>\n<tr>\n<td width=\"583\">\n<p>In\u00edcio das inscri\u00e7\u00f5es na modalidade a\u00e7\u00f5es afirmativas<\/p>\n<\/td>\n<td width=\"111\">\n<p>23\/06\/2023<\/p>\n<\/td>\n<\/tr>\n<tr>\n<td width=\"583\">\n<p>Fim das inscri\u00e7\u00f5es Lote 2<\/p>\n<\/td>\n<td width=\"111\">\n<p>02\/07\/2023<\/p>\n<\/td>\n<\/tr>\n<tr>\n<td width=\"583\">\n<p>Fim das inscri\u00e7\u00f5es na modalidade a\u00e7\u00f5es afirmativas<\/p>\n<\/td>\n<td width=\"111\">\n<p>04\/07\/2023<\/p>\n<\/td>\n<\/tr>\n<tr>\n<td width=\"583\">\n<p>In\u00edcio da avalia\u00e7\u00e3o e julgamento das inscri\u00e7\u00f5es na modalidade a\u00e7\u00f5es afirmativas<\/p>\n<\/td>\n<td width=\"111\">\n<p>05\/07\/2023<\/p>\n<\/td>\n<\/tr>\n<tr>\n<td width=\"583\">\n<p>Fim da avalia\u00e7\u00e3o e julgamento das inscri\u00e7\u00f5es na modalidade a\u00e7\u00f5es afirmativas<\/p>\n<\/td>\n<td width=\"111\">\n<p>17\/07\/2023<\/p>\n<\/td>\n<\/tr>\n<tr>\n<td width=\"583\">\n<p>Resultado preliminar das solicita\u00e7\u00f5es de inscri\u00e7\u00e3o na modalidade de a\u00e7\u00f5es afirmativas<\/p>\n<\/td>\n<td width=\"111\">\n<p>19\/07\/2023<\/p>\n<\/td>\n<\/tr>\n<tr>\n<td width=\"583\">\n<p>In\u00edcio do per\u00edodo de interposi\u00e7\u00e3o de recursos ao resultado preliminar das solicita\u00e7\u00f5es de inscri\u00e7\u00e3o na modalidade de a\u00e7\u00f5es afirmativas<\/p>\n<\/td>\n<td width=\"111\">\n<p>20\/07\/2023<\/p>\n<\/td>\n<\/tr>\n<tr>\n<td width=\"583\">\n<p>Fim do per\u00edodo de interposi\u00e7\u00e3o de recursos ao resultado preliminar das solicita\u00e7\u00f5es de inscri\u00e7\u00e3o na modalidade de a\u00e7\u00f5es afirmativas<\/p>\n<\/td>\n<td width=\"111\">\n<p>24\/07\/2023<\/p>\n<\/td>\n<\/tr>\n<tr>\n<td width=\"583\">\n<p>Resultado final das solicita\u00e7\u00f5es de inscri\u00e7\u00e3o na modalidade de a\u00e7\u00f5es afirmativas<\/p>\n<\/td>\n<td width=\"111\">\n<p>27\/07\/2023<\/p>\n<\/td>\n<\/tr>\n<tr>\n<td width=\"583\">\n<p>In\u00edcio das inscri\u00e7\u00f5es Lote 3<\/p>\n<\/td>\n<td width=\"111\">\n<p>20\/07\/2023<\/p>\n<\/td>\n<\/tr>\n<tr>\n<td width=\"583\">\n<p>Envio dos artigos completos aprovados para as ST<\/p>\n<\/td>\n<td width=\"111\">\n<p>02\/08\/2023<\/p>\n<\/td>\n<\/tr>\n<tr>\n<td width=\"583\">\n<p>Envio dos v\u00eddeo-p\u00f4steres e trabalhos completos para III DTEI-CP<\/p>\n<\/td>\n<td width=\"111\">\n<p>02\/08\/2023<\/p>\n<\/td>\n<\/tr>\n<tr>\n<td width=\"583\">\n<p>Divulga\u00e7\u00e3o das MR aprovadas<\/p>\n<\/td>\n<td width=\"111\">\n<p>09\/08\/2023<\/p>\n<\/td>\n<\/tr>\n<tr>\n<td width=\"583\">\n<p>Divulga\u00e7\u00e3o da Programa\u00e7\u00e3o Preliminar do V ENEPCP<\/p>\n<\/td>\n<td width=\"111\">\n<p>09\/08\/2023<\/p>\n<\/td>\n<\/tr>\n<tr>\n<td width=\"583\">\n<p>Prazo para informa\u00e7\u00e3o acerca de desist\u00eancia da inscri\u00e7\u00e3o<\/p>\n<\/td>\n<td width=\"111\">\n<p>28\/08\/2023<\/p>\n<\/td>\n<\/tr>\n<tr>\n<td width=\"583\">\n<p>Divulga\u00e7\u00e3o da Programa\u00e7\u00e3o Completa do V ENEPCP<\/p>\n<\/td>\n<td width=\"111\">\n<p>29\/08\/2023<\/p>\n<\/td>\n<\/tr>\n<tr>\n<td width=\"583\">\n<p>Fim das inscri\u00e7\u00f5es Lote 3<\/p>\n<\/td>\n<td width=\"111\">\n<p>03\/08\/2023<\/p>\n<\/td>\n<\/tr>\n<tr>\n<td width=\"583\">\n<p>In\u00edcio das inscri\u00e7\u00f5es Lote 4<\/p>\n<\/td>\n<td width=\"111\">\n<p>04\/08\/2023<\/p>\n<\/td>\n<\/tr>\n<tr>\n<td width=\"583\">\n<p>In\u00edcio do V ENEPCP<\/p>\n<\/td>\n<td width=\"111\">\n<p>04\/09\/2023<\/p>\n<\/td>\n<\/tr>\n<tr>\n<td width=\"583\">\n<p>Divulga\u00e7\u00e3o do resultado do Pr\u00eamio Augusto Tavares<\/p>\n<\/td>\n<td width=\"111\">\n<p style=\"text-align: center;\">06\/09\/2023<\/p>\n<\/td>\n<\/tr>\n<\/tbody>\n<\/table>\t\t\t\t\t\t<\/div>\n\t\t\t\t<\/div>\n\t\t\t\t<div class=\"elementor-element elementor-element-05fc474 elementor-widget elementor-widget-text-editor\" data-id=\"05fc474\" data-element_type=\"widget\" data-widget_type=\"text-editor.default\">\n\t\t\t\t<div class=\"elementor-widget-container\">\n\t\t\t\t\t\t\t\t\t\t\t\t\t<\/div>\n\t\t\t\t<\/div>\n\t\t\t\t\t<\/div>\n\t\t\t\t<\/div>\n\t\t\t\t\t\t\t<\/div>\n\t\t","protected":false},"excerpt":{"rendered":"<p>Cronograma Item Data In\u00edcio da submiss\u00e3o de propostas de Sess\u00f5es Tem\u00e1ticas (ST) 01\/03\/2023 In\u00edcio do envio de propostas de MR 01\/03\/2023 In\u00edcio das inscri\u00e7\u00f5es Lote 1 01\/03\/2023 Fim do envio de propostas de Sess\u00f5es Tem\u00e1ticas (ST) 17\/03\/2023 Divulga\u00e7\u00e3o das ST aprovadas 24\/03\/2023 In\u00edcio da submiss\u00e3o de resumos para as ST 28\/03\/2023 In\u00edcio da inscri\u00e7\u00e3o para [&hellip;]<\/p>\n","protected":false},"author":1,"featured_media":0,"parent":0,"menu_order":0,"comment_status":"closed","ping_status":"closed","template":"","meta":[],"_links":{"self":[{"href":"https:\/\/anepecp.org\/enepecp\/wp-json\/wp\/v2\/pages\/627"}],"collection":[{"href":"https:\/\/anepecp.org\/enepecp\/wp-json\/wp\/v2\/pages"}],"about":[{"href":"https:\/\/anepecp.org\/enepecp\/wp-json\/wp\/v2\/types\/page"}],"author":[{"embeddable":true,"href":"https:\/\/anepecp.org\/enepecp\/wp-json\/wp\/v2\/users\/1"}],"replies":[{"embeddable":true,"href":"https:\/\/anepecp.org\/enepecp\/wp-json\/wp\/v2\/comments?post=627"}],"version-history":[{"count":25,"href":"https:\/\/anepecp.org\/enepecp\/wp-json\/wp\/v2\/pages\/627\/revisions"}],"predecessor-version":[{"id":1021,"href":"https:\/\/anepecp.org\/enepecp\/wp-json\/wp\/v2\/pages\/627\/revisions\/1021"}],"wp:attachment":[{"href":"https:\/\/anepecp.org\/enepecp\/wp-json\/wp\/v2\/media?parent=627"}],"curies":[{"name":"wp","href":"https:\/\/api.w.org\/{rel}","templated":true}]}}